{"id":4266,"date":"2025-09-23T07:23:31","date_gmt":"2025-09-23T07:23:31","guid":{"rendered":"https:\/\/kare.webgaraj.com\/?page_id=4266"},"modified":"2025-09-23T08:23:04","modified_gmt":"2025-09-23T08:23:04","slug":"elementor-4266","status":"publish","type":"page","link":"https:\/\/karekonfeksiyon.com\/?page_id=4266&lang=tr","title":{"rendered":"Hakk\u0131m\u0131zda"},"content":{"rendered":"\t\t<div data-elementor-type=\"wp-page\" data-elementor-id=\"4266\" class=\"elementor elementor-4266\" data-elementor-post-type=\"page\">\n\t\t\t\t<div class=\"elementor-element elementor-element-36db277 lakit-col-width-auto-mobile lakit-col-align-center e-flex e-con-boxed e-container e-root-container elementor-top-section e-con e-parent\" data-id=\"36db277\" data-element_type=\"container\" data-e-type=\"container\" data-settings=\"{&quot;background_background&quot;:&quot;classic&quot;}\">\n\t\t\t\t\t<div class=\"e-con-inner\">\n\t\t\t\t\t<\/div>\n\t\t\t\t<\/div>\n\t\t<div class=\"elementor-element elementor-element-99c82c4 e-flex e-con-boxed lakit-col-width-auto-no e-container e-root-container elementor-top-section e-con e-parent\" data-id=\"99c82c4\" data-element_type=\"container\" data-e-type=\"container\">\n\t\t\t\t\t<div class=\"e-con-inner\">\n\t\t\t\t<div class=\"elementor-element elementor-element-50b525a elementor-widget elementor-widget-spacer\" data-id=\"50b525a\" data-element_type=\"widget\" data-e-type=\"widget\" data-widget_type=\"spacer.default\">\n\t\t\t\t<div class=\"elementor-widget-container\">\n\t\t\t\t\t\t\t<div class=\"elementor-spacer\">\n\t\t\t<div class=\"elementor-spacer-inner\"><\/div>\n\t\t<\/div>\n\t\t\t\t\t\t<\/div>\n\t\t\t\t<\/div>\n\t\t\t\t<div class=\"elementor-element elementor-element-afd3663 lakit-ntabs-type--tab lakit-ntabs-effect--move-up elementor-widget lastudio-kit elementor-lakit-nested-tabs\" data-id=\"afd3663\" data-element_type=\"widget\" data-e-type=\"widget\" data-settings=\"{&quot;breakpoint_selector&quot;:&quot;mobile&quot;}\" data-widget_type=\"lakit-nested-tabs.default\">\n\t\t\t\t\t\t\t<div class=\"lakit-ntabs lakit-ntabs-afd3663 etab--overflow\">\n            \t\t\t<div class=\"lakit-ntabs-heading\">\n\t\t\t\t<div id=\"lakit-ntabs-title-1841\" class=\"lakit-ntab-title e-normal  lakit-ntab-controlid-afd3663\" data-tabindex=\"1\">\t<div class=\"lakit-ntab-title-text\"><div class=\"ntabs--title\">Hakk\u0131m\u0131zda<\/div><\/div><\/div><div id=\"lakit-ntabs-title-1842\" class=\"lakit-ntab-title e-normal  lakit-ntab-controlid-afd3663\" data-tabindex=\"2\">\t<div class=\"lakit-ntab-title-text\"><div class=\"ntabs--title\">Firma Bilgileri<\/div><\/div><\/div><div id=\"lakit-ntabs-title-1843\" class=\"lakit-ntab-title e-normal  lakit-ntab-controlid-afd3663\" data-tabindex=\"3\">\t<div class=\"lakit-ntab-title-text\"><div class=\"ntabs--title\">\u00c7al\u0131\u015fma Anlay\u0131\u015f\u0131m\u0131z<\/div><\/div><\/div><div id=\"lakit-ntabs-title-1844\" class=\"lakit-ntab-title e-normal  lakit-ntab-controlid-afd3663\" data-tabindex=\"4\">\t<div class=\"lakit-ntab-title-text\"><div class=\"ntabs--title\">Hedeflerimiz<\/div><\/div><\/div><span class=\"ntabs--selectboxicon\"><svg xmlns=\"http:\/\/www.w3.org\/2000\/svg\" width=\"300\" height=\"300\" viewBox=\"0 0 300 300\" class=\"lakit-font-icon-svg\" data-icon-name=\"arrow-down\" data-icon-type=\"LaStudioIcons\"><path d=\"M140.7 138.6v119.7l-37.5-37.5-37.5-37.5-6.9 6.9-6.6 6.6 48.9 48.9 48.9 48.9 48.9-48.9 48.9-48.9-6.6-6.6-6.9-6.9-37.5 37.5-37.5 37.5V18.6h-18.6v120\" fill=\"currentColor\"\/><\/svg><\/span>\t\t\t<\/div>\n            \t\t\t<div class=\"lakit-ntabs-content\">\n\t\t\t\t<div class=\"lakit-ntabs-content-item lakit-ntab-content-afd3663 e-active\"><div class=\"elementor-element elementor-element-5085b5c e-con-full e-flex lakit-col-width-auto-no e-container e-con e-child\" data-id=\"5085b5c\" data-element_type=\"container\" data-e-type=\"container\">\n\t\t\t\t<div class=\"elementor-element elementor-element-1136aa8 elementor-widget elementor-widget-spacer\" data-id=\"1136aa8\" data-element_type=\"widget\" data-e-type=\"widget\" data-widget_type=\"spacer.default\">\n\t\t\t\t<div class=\"elementor-widget-container\">\n\t\t\t\t\t\t\t<div class=\"elementor-spacer\">\n\t\t\t<div class=\"elementor-spacer-inner\"><\/div>\n\t\t<\/div>\n\t\t\t\t\t\t<\/div>\n\t\t\t\t<\/div>\n\t\t<div class=\"elementor-element elementor-element-5f1b1ab e-grid e-con-boxed lakit-col-width-auto-no e-container e-con e-child\" data-id=\"5f1b1ab\" data-element_type=\"container\" data-e-type=\"container\">\n\t\t\t\t\t<div class=\"e-con-inner\">\n\t\t\t\t<div class=\"elementor-element elementor-element-499806c elementor-widget__width-initial elementor-widget elementor-widget-image\" data-id=\"499806c\" data-element_type=\"widget\" data-e-type=\"widget\" data-widget_type=\"image.default\">\n\t\t\t\t<div class=\"elementor-widget-container\">\n\t\t\t\t\t\t\t\t\t\t\t\t\t\t\t<img fetchpriority=\"high\" decoding=\"async\" width=\"591\" height=\"125\" src=\"https:\/\/karekonfeksiyon.com\/wp-content\/uploads\/2025\/09\/vento-logo.jpg\" class=\"attachment-large size-large wp-image-4032\" alt=\"\" \/>\t\t\t\t\t\t\t\t\t\t\t\t\t\t\t<\/div>\n\t\t\t\t<\/div>\n\t\t\t\t<div class=\"elementor-element elementor-element-b5fad00 elementor-widget__width-initial elementor-widget elementor-widget-image\" data-id=\"b5fad00\" data-element_type=\"widget\" data-e-type=\"widget\" data-widget_type=\"image.default\">\n\t\t\t\t<div class=\"elementor-widget-container\">\n\t\t\t\t\t\t\t\t\t\t\t\t\t\t\t<img decoding=\"async\" width=\"591\" height=\"101\" src=\"https:\/\/karekonfeksiyon.com\/wp-content\/uploads\/2025\/09\/square-logo.png\" class=\"attachment-large size-large wp-image-4033\" alt=\"\" \/>\t\t\t\t\t\t\t\t\t\t\t\t\t\t\t<\/div>\n\t\t\t\t<\/div>\n\t\t\t\t<div class=\"elementor-element elementor-element-0dd93c1 elementor-widget__width-initial elementor-widget elementor-widget-image\" data-id=\"0dd93c1\" data-element_type=\"widget\" data-e-type=\"widget\" data-widget_type=\"image.default\">\n\t\t\t\t<div class=\"elementor-widget-container\">\n\t\t\t\t\t\t\t\t\t\t\t\t\t\t\t<img decoding=\"async\" width=\"592\" height=\"168\" src=\"https:\/\/karekonfeksiyon.com\/wp-content\/uploads\/2025\/09\/kare-logo.png\" class=\"attachment-large size-large wp-image-4101\" alt=\"\" \/>\t\t\t\t\t\t\t\t\t\t\t\t\t\t\t<\/div>\n\t\t\t\t<\/div>\n\t\t\t\t\t<\/div>\n\t\t\t\t<\/div>\n\t\t\t\t<div class=\"elementor-element elementor-element-731601a elementor-widget elementor-widget-spacer\" data-id=\"731601a\" data-element_type=\"widget\" data-e-type=\"widget\" data-widget_type=\"spacer.default\">\n\t\t\t\t<div class=\"elementor-widget-container\">\n\t\t\t\t\t\t\t<div class=\"elementor-spacer\">\n\t\t\t<div class=\"elementor-spacer-inner\"><\/div>\n\t\t<\/div>\n\t\t\t\t\t\t<\/div>\n\t\t\t\t<\/div>\n\t\t\t\t<div class=\"elementor-element elementor-element-38b935c elementor-widget-laptop__width-initial elementor-widget elementor-widget-text-editor\" data-id=\"38b935c\" data-element_type=\"widget\" data-e-type=\"widget\" data-widget_type=\"text-editor.default\">\n\t\t\t\t<div class=\"elementor-widget-container\">\n\t\t\t\t\t\t\t\t\t<p>Kare Konfeksiyon Sanayi Limited \u015eirketi, 2004 y\u0131l\u0131nda T\u00fcrk ve Alman ortakl\u0131\u011f\u0131yla kurularak faaliyete ba\u015flam\u0131\u015ft\u0131r.<\/p><p>Tamam\u0131 \u00f6rme kuma\u015ftan olmak \u00fczere y\u00fcksek kalitedeki \u00fcr\u00fcn gam\u0131m\u0131zla; kad\u0131n, erkek ve \u00e7ocuk d\u0131\u015f giyim \u00fcretimi ve Avrupa\u2019ya ihracat\u0131n\u0131 yapmaktay\u0131z.<\/p><p>\u015eirketimiz, uluslararas\u0131 ge\u00e7erlili\u011fi olan <strong>BSCI<\/strong> ve <strong><a title=\"Oeko-Tex\" href=\"https:\/\/www.oeko-tex.com\/en\/detail\/?number=14.HTR.53750\" target=\"_blank\" rel=\"noopener\">Oeko-Tex Standart 100<\/a><\/strong> sertifikalar\u0131na sahiptir.<\/p>\t\t\t\t\t\t\t\t<\/div>\n\t\t\t\t<\/div>\n\t\t\t\t<\/div>\n\t\t<\/div><div class=\"lakit-ntabs-content-item lakit-ntab-content-afd3663\"><div class=\"elementor-element elementor-element-3ef4967 e-con-full e-flex lakit-col-width-auto-no e-container e-con e-child\" data-id=\"3ef4967\" data-element_type=\"container\" data-e-type=\"container\">\n\t\t\t\t<div class=\"elementor-element elementor-element-7abfd04 elementor-widget-laptop__width-initial elementor-widget elementor-widget-image\" data-id=\"7abfd04\" data-element_type=\"widget\" data-e-type=\"widget\" data-widget_type=\"image.default\">\n\t\t\t\t<div class=\"elementor-widget-container\">\n\t\t\t\t\t\t\t\t\t\t\t\t\t\t\t<img loading=\"lazy\" decoding=\"async\" width=\"250\" height=\"465\" src=\"https:\/\/karekonfeksiyon.com\/wp-content\/uploads\/2025\/09\/Kare-Las-Vegas-2.jpg\" class=\"attachment-large size-large wp-image-4122\" alt=\"\" \/>\t\t\t\t\t\t\t\t\t\t\t\t\t\t\t<\/div>\n\t\t\t\t<\/div>\n\t\t\t\t<div class=\"elementor-element elementor-element-1306930 elementor-widget-laptop__width-initial elementor-widget elementor-widget-text-editor\" data-id=\"1306930\" data-element_type=\"widget\" data-e-type=\"widget\" data-widget_type=\"text-editor.default\">\n\t\t\t\t<div class=\"elementor-widget-container\">\n\t\t\t\t\t\t\t\t\t<div><table aria-label=\"\u015eirket bilgileri (kompakt)\"><tbody><tr><th><strong>Firma \u00dcnvan\u0131m\u0131z<\/strong><\/th><td>Kare Konfeksiyon Sanayi Limited \u015eirketi<\/td><\/tr><tr><th><strong>Kurulu\u015fumuz<\/strong><\/th><td>2004<\/td><\/tr><tr><th><strong>\u00c7al\u0131\u015fan Say\u0131m\u0131z<\/strong><\/th><td>125<\/td><\/tr><tr><th><strong>\u0130hra\u00e7 \u00dclkelerimiz<\/strong><\/th><td>Almanya, \u0130ngiltere, Avusturya, \u0130svi\u00e7re ,<br \/>Danimarka<\/td><\/tr><tr><th>\u00d6deme \u015eekli Talebimiz<\/th><td>CAD and LC<\/td><\/tr><tr><th>Firma T\u00fcr\u00fcm\u00fcz<\/th><td>\u00dcretici Firma<\/td><\/tr><tr><th><strong>\u00dcr\u00fcnlerimiz<\/strong><\/th><td>Atlet, T-Shirt, S-Shirt, Elbise, Etek, Tayt, Body, Bluz, Pantolon, \u015eort, Gecelik, Pijama<\/td><\/tr><tr><th><strong>Uzmanl\u0131\u011f\u0131m\u0131z<\/strong><\/th><td>\u00d6rme Kuma\u015f ile \u00dcretilebilecek T\u00fcm Giyim \u00dcr\u00fcnleri<\/td><\/tr><tr><th><strong>Malzemelerimiz<\/strong><\/th><td>Pamuk, Viskon, Modal, Polyamid (Tactel), Polyester, Mikro Polyester, Y\u00fcn, Poliakrilik, Bask\u0131l\u0131 Kuma\u015f, Ka\u015fmir, Y\u00fcn, etc.<\/td><\/tr><tr><th><strong>\u00dcretim Kapasitemiz<\/strong><\/th><td>100,000 \u2013 120,000 Adet\/Ay<\/td><\/tr><tr><th><strong>Y\u00fckleme Zaman\u0131m\u0131z<\/strong><\/th><td>6 \u2013 8 \u2013 10 Hafta<\/td><\/tr><tr><th><strong>Kal\u0131p Sistemimiz<\/strong><\/th><td>NovoCAD<\/td><\/tr><tr><th><strong>Denetim Sertifikalar\u0131m\u0131z<\/strong><\/th><td>BSCI, Oeko-Tex Standart 100<\/td><\/tr><\/tbody><\/table><\/div>\t\t\t\t\t\t\t\t<\/div>\n\t\t\t\t<\/div>\n\t\t\t\t<\/div>\n\t\t<\/div><div class=\"lakit-ntabs-content-item lakit-ntab-content-afd3663\"><div class=\"elementor-element elementor-element-587da95 e-con-full e-flex lakit-col-width-auto-no e-container e-con e-child\" data-id=\"587da95\" data-element_type=\"container\" data-e-type=\"container\">\n\t\t<div class=\"elementor-element elementor-element-3664343 e-flex e-con-boxed lakit-col-width-auto-no e-container e-con e-child\" data-id=\"3664343\" data-element_type=\"container\" data-e-type=\"container\">\n\t\t\t\t\t<div class=\"e-con-inner\">\n\t\t\t\t<div class=\"elementor-element elementor-element-7220933 elementor-widget elementor-widget-spacer\" data-id=\"7220933\" data-element_type=\"widget\" data-e-type=\"widget\" data-widget_type=\"spacer.default\">\n\t\t\t\t<div class=\"elementor-widget-container\">\n\t\t\t\t\t\t\t<div class=\"elementor-spacer\">\n\t\t\t<div class=\"elementor-spacer-inner\"><\/div>\n\t\t<\/div>\n\t\t\t\t\t\t<\/div>\n\t\t\t\t<\/div>\n\t\t\t\t<div class=\"elementor-element elementor-element-72a6aa0 elementor-widget elementor-widget-text-editor\" data-id=\"72a6aa0\" data-element_type=\"widget\" data-e-type=\"widget\" data-widget_type=\"text-editor.default\">\n\t\t\t\t<div class=\"elementor-widget-container\">\n\t\t\t\t\t\t\t\t\t<p style=\"text-align: center;\">Kare M\u00fcmessillik y\u00f6neticileri, yeni trendleri takip ederek ve yarat\u0131c\u0131l\u0131\u011f\u0131 te\u015fvik ederek, sekt\u00f6rde kaliteli bir imza olmay\u0131 ilke edinmi\u015ftir.<\/p><p style=\"text-align: center;\">Temel y\u00f6netim politikam\u0131z; \u00e7al\u0131\u015fanlar\u0131m\u0131z\u0131n potansiyelini tam olarak ortaya koymak amac\u0131yla, s\u00fcrekli geli\u015fim i\u00e7in gerekli olanaklar\u0131 sa\u011flamakt\u0131r.<\/p><p style=\"text-align: center;\">Sahip olduklar\u0131 bilgi birikimine, s\u00fcrekli \u00f6\u011frenme, yenilik\u00e7i ve iyile\u015ftirme k\u00fclt\u00fcr\u00fcn\u00fc ekleyen tasar\u0131mc\u0131lar\u0131m\u0131z, geli\u015fen trendleri yak\u0131ndan takip ederek, y\u0131lda 4 koleksiyon haz\u0131rlamaktad\u0131rlar.<\/p><p style=\"text-align: center;\">M\u00fc\u015fteri memnuniyetini en \u00fcst d\u00fczeyde sa\u011flayabilmek amac\u0131 ile onlar\u0131n gereksinimlerine odaklan\u0131p, de\u011fi\u015fen beklentilerine h\u0131zla yan\u0131t vermek g\u00fcc\u00fcm\u00fcz\u00fcn \u00e7\u0131k\u0131\u015f noktas\u0131d\u0131r.<\/p>\t\t\t\t\t\t\t\t<\/div>\n\t\t\t\t<\/div>\n\t\t\t\t\t<\/div>\n\t\t\t\t<\/div>\n\t\t\t\t<\/div>\n\t\t<\/div><div class=\"lakit-ntabs-content-item lakit-ntab-content-afd3663\"><div class=\"elementor-element elementor-element-33c4743 e-con-full e-flex lakit-col-width-auto-no e-container e-con e-child\" data-id=\"33c4743\" data-element_type=\"container\" data-e-type=\"container\">\n\t\t<div class=\"elementor-element elementor-element-ddccd13 e-flex e-con-boxed lakit-col-width-auto-no e-container e-con e-child\" data-id=\"ddccd13\" data-element_type=\"container\" data-e-type=\"container\">\n\t\t\t\t\t<div class=\"e-con-inner\">\n\t\t\t\t<div class=\"elementor-element elementor-element-3c17e20 elementor-widget elementor-widget-spacer\" data-id=\"3c17e20\" data-element_type=\"widget\" data-e-type=\"widget\" data-widget_type=\"spacer.default\">\n\t\t\t\t<div class=\"elementor-widget-container\">\n\t\t\t\t\t\t\t<div class=\"elementor-spacer\">\n\t\t\t<div class=\"elementor-spacer-inner\"><\/div>\n\t\t<\/div>\n\t\t\t\t\t\t<\/div>\n\t\t\t\t<\/div>\n\t\t\t\t<div class=\"elementor-element elementor-element-4400e9f elementor-widget elementor-widget-text-editor\" data-id=\"4400e9f\" data-element_type=\"widget\" data-e-type=\"widget\" data-widget_type=\"text-editor.default\">\n\t\t\t\t<div class=\"elementor-widget-container\">\n\t\t\t\t\t\t\t\t\t<p style=\"text-align: center;\">\u00c7evreye duyarl\u0131 ve sosyal g\u00fcvenlik kurallar\u0131na uygun \u015fekilde ger\u00e7ekle\u015ftirdi\u011fimiz \u00fcretimlerimizde; iyi kaliteyi, uygun fiyat ile sunarken, \u00fcr\u00fcnlerde kar\u015f\u0131la\u015f\u0131labilecek kalite ile ilgili riskleri hen\u00fcz model olu\u015fturma a\u015famas\u0131nda \u00f6ng\u00f6r\u00fcp engellemek temel hedeflerimizden biridir.<\/p><p style=\"text-align: center;\">\u015eirketimiz, kendi faaliyet alan\u0131nda, fark\u0131ndal\u0131k yaratmay\u0131 misyon olarak benimsemi\u015ftir.<\/p><p style=\"text-align: center;\">Belirtilen t\u00fcm noktalar\u0131n bile\u015fkesi ile ortaya koydu\u011fumuz \u00fcr\u00fcnlerimiz; \u201cs\u00fcrd\u00fcr\u00fclebilir uzun vadeli ba\u015far\u0131\u201d amac\u0131m\u0131z\u0131 kan\u0131tlar niteliktedir.<\/p>\t\t\t\t\t\t\t\t<\/div>\n\t\t\t\t<\/div>\n\t\t\t\t\t<\/div>\n\t\t\t\t<\/div>\n\t\t\t\t<\/div>\n\t\t<\/div>\t\t\t<\/div>\n\t\t<\/div>\n\t\t\t\t\t\t<\/div>\n\t\t\t\t<div class=\"elementor-element elementor-element-1698041 elementor-widget elementor-widget-spacer\" data-id=\"1698041\" data-element_type=\"widget\" data-e-type=\"widget\" data-widget_type=\"spacer.default\">\n\t\t\t\t<div class=\"elementor-widget-container\">\n\t\t\t\t\t\t\t<div class=\"elementor-spacer\">\n\t\t\t<div class=\"elementor-spacer-inner\"><\/div>\n\t\t<\/div>\n\t\t\t\t\t\t<\/div>\n\t\t\t\t<\/div>\n\t\t\t\t\t<\/div>\n\t\t\t\t<\/div>\n\t\t<div class=\"elementor-element elementor-element-2b8606c e-grid e-con-boxed lakit-col-width-auto-no e-container e-root-container elementor-top-section e-con e-parent\" data-id=\"2b8606c\" data-element_type=\"container\" data-e-type=\"container\">\n\t\t\t\t\t<div class=\"e-con-inner\">\n\t\t\t\t<div class=\"elementor-element elementor-element-9148ffe elementor-widget__width-initial elementor-widget elementor-widget-image\" data-id=\"9148ffe\" data-element_type=\"widget\" data-e-type=\"widget\" data-widget_type=\"image.default\">\n\t\t\t\t<div class=\"elementor-widget-container\">\n\t\t\t\t\t\t\t\t\t\t\t\t\t\t\t\t<a href=\"https:\/\/www.oeko-tex.com\/en\/detail\/?number=14.HTR.53750\" target=\"_blank\">\n\t\t\t\t\t\t\t<img loading=\"lazy\" decoding=\"async\" width=\"174\" height=\"119\" src=\"https:\/\/karekonfeksiyon.com\/wp-content\/uploads\/2025\/09\/image003-2.png\" class=\"attachment-large size-large wp-image-4037\" alt=\"\" \/>\t\t\t\t\t\t\t\t<\/a>\n\t\t\t\t\t\t\t\t\t\t\t\t\t\t\t<\/div>\n\t\t\t\t<\/div>\n\t\t\t\t<div class=\"elementor-element elementor-element-dfe3acf elementor-widget__width-initial elementor-widget elementor-widget-image\" data-id=\"dfe3acf\" data-element_type=\"widget\" data-e-type=\"widget\" data-widget_type=\"image.default\">\n\t\t\t\t<div class=\"elementor-widget-container\">\n\t\t\t\t\t\t\t\t\t\t\t\t\t\t\t<img loading=\"lazy\" decoding=\"async\" width=\"189\" height=\"48\" src=\"https:\/\/karekonfeksiyon.com\/wp-content\/uploads\/2025\/09\/image004-2.png\" class=\"attachment-large size-large wp-image-4038\" alt=\"\" \/>\t\t\t\t\t\t\t\t\t\t\t\t\t\t\t<\/div>\n\t\t\t\t<\/div>\n\t\t\t\t\t<\/div>\n\t\t\t\t<\/div>\n\t\t<div class=\"elementor-element elementor-element-4f4113c e-flex e-con-boxed lakit-col-width-auto-no e-container e-root-container elementor-top-section e-con e-parent\" data-id=\"4f4113c\" data-element_type=\"container\" data-e-type=\"container\">\n\t\t\t\t\t<div class=\"e-con-inner\">\n\t\t\t\t<div class=\"elementor-element elementor-element-cab42f9 elementor-widget elementor-widget-spacer\" data-id=\"cab42f9\" data-element_type=\"widget\" data-e-type=\"widget\" data-widget_type=\"spacer.default\">\n\t\t\t\t<div class=\"elementor-widget-container\">\n\t\t\t\t\t\t\t<div class=\"elementor-spacer\">\n\t\t\t<div class=\"elementor-spacer-inner\"><\/div>\n\t\t<\/div>\n\t\t\t\t\t\t<\/div>\n\t\t\t\t<\/div>\n\t\t\t\t\t<\/div>\n\t\t\t\t<\/div>\n\t\t\t\t<\/div>\n\t\t","protected":false},"excerpt":{"rendered":"<p>Hakk\u0131m\u0131zda Firma Bilgileri \u00c7al\u0131\u015fma Anlay\u0131\u015f\u0131m\u0131z Hedeflerimiz Kare Konfeksiyon Sanayi Limited \u015eirketi, 2004 y\u0131l\u0131nda T\u00fcrk ve Alman ortakl\u0131\u011f\u0131yla kurularak faaliyete ba\u015flam\u0131\u015ft\u0131r. Tamam\u0131 \u00f6rme kuma\u015ftan olmak \u00fczere y\u00fcksek kalitedeki \u00fcr\u00fcn gam\u0131m\u0131zla; kad\u0131n, erkek ve \u00e7ocuk d\u0131\u015f giyim \u00fcretimi ve Avrupa\u2019ya ihracat\u0131n\u0131 yapmaktay\u0131z. \u015eirketimiz, uluslararas\u0131 ge\u00e7erlili\u011fi olan BSCI ve Oeko-Tex Standart 100 sertifikalar\u0131na sahiptir.&hellip;<\/p>\n","protected":false},"author":2,"featured_media":0,"parent":0,"menu_order":0,"comment_status":"closed","ping_status":"closed","template":"","meta":{"footnotes":""},"class_list":["post-4266","page","type-page","status-publish","hentry"],"_links":{"self":[{"href":"https:\/\/karekonfeksiyon.com\/index.php?rest_route=\/wp\/v2\/pages\/4266","targetHints":{"allow":["GET"]}}],"collection":[{"href":"https:\/\/karekonfeksiyon.com\/index.php?rest_route=\/wp\/v2\/pages"}],"about":[{"href":"https:\/\/karekonfeksiyon.com\/index.php?rest_route=\/wp\/v2\/types\/page"}],"author":[{"embeddable":true,"href":"https:\/\/karekonfeksiyon.com\/index.php?rest_route=\/wp\/v2\/users\/2"}],"replies":[{"embeddable":true,"href":"https:\/\/karekonfeksiyon.com\/index.php?rest_route=%2Fwp%2Fv2%2Fcomments&post=4266"}],"version-history":[{"count":15,"href":"https:\/\/karekonfeksiyon.com\/index.php?rest_route=\/wp\/v2\/pages\/4266\/revisions"}],"predecessor-version":[{"id":4293,"href":"https:\/\/karekonfeksiyon.com\/index.php?rest_route=\/wp\/v2\/pages\/4266\/revisions\/4293"}],"wp:attachment":[{"href":"https:\/\/karekonfeksiyon.com\/index.php?rest_route=%2Fwp%2Fv2%2Fmedia&parent=4266"}],"curies":[{"name":"wp","href":"https:\/\/api.w.org\/{rel}","templated":true}]}}