{"id":4330,"date":"2025-09-23T10:28:38","date_gmt":"2025-09-23T10:28:38","guid":{"rendered":"https:\/\/kare.webgaraj.com\/?page_id=4330"},"modified":"2025-09-24T05:34:12","modified_gmt":"2025-09-24T05:34:12","slug":"elementor-4330","status":"publish","type":"page","link":"https:\/\/karekonfeksiyon.com\/?page_id=4330&lang=tr","title":{"rendered":"Marja Fashion 02 \u2013 T\u00fcrk\u00e7e"},"content":{"rendered":"\t\t<div data-elementor-type=\"wp-page\" data-elementor-id=\"4330\" class=\"elementor elementor-4330\" data-elementor-post-type=\"page\">\n\t\t\t\t<div class=\"elementor-element elementor-element-0018cfe e-con-full e-flex lakit-col-width-auto-no e-container e-root-container elementor-top-section e-con e-parent\" data-id=\"0018cfe\" data-element_type=\"container\" data-e-type=\"container\">\n\t\t\t\t<div class=\"elementor-element elementor-element-e182092 lakit-arrow--showonhover-no lakit-dots--vertical-no elementor-widget lastudio-kit elementor-lakit-slides\" data-id=\"e182092\" data-element_type=\"widget\" data-e-type=\"widget\" data-widget_type=\"lakit-slides.default\">\n\t\t\t\t\t        <div class=\"lakit-carousel lakit-slides lakit-slides-v2\" data-slider_options=\"{&quot;content_selector&quot;:&quot;.lakit-slide-content&quot;,&quot;content_effect_in&quot;:&quot;fadeInUp&quot;,&quot;content_effect_out&quot;:&quot;fadeOutUp&quot;,&quot;slidesToScroll&quot;:{&quot;desktop&quot;:&quot;1&quot;,&quot;laptop&quot;:&quot;1&quot;,&quot;tablet&quot;:&quot;1&quot;,&quot;mobile_extra&quot;:&quot;1&quot;},&quot;rows&quot;:{&quot;desktop&quot;:&quot;1&quot;,&quot;laptop&quot;:&quot;1&quot;,&quot;tablet&quot;:&quot;1&quot;,&quot;mobile_extra&quot;:&quot;1&quot;},&quot;autoplaySpeed&quot;:9000,&quot;autoplay&quot;:false,&quot;infinite&quot;:true,&quot;centerMode&quot;:false,&quot;pauseOnHover&quot;:false,&quot;pauseOnInteraction&quot;:false,&quot;reverseDirection&quot;:false,&quot;infiniteEffect&quot;:false,&quot;speed&quot;:900,&quot;arrows&quot;:false,&quot;dots&quot;:true,&quot;variableWidth&quot;:false,&quot;prevArrow&quot;:&quot;.lakit-carousel__prev-arrow-e182092&quot;,&quot;nextArrow&quot;:&quot;.lakit-carousel__next-arrow-e182092&quot;,&quot;dotsElm&quot;:&quot;.lakit-carousel__dots_e182092&quot;,&quot;rtl&quot;:false,&quot;effect&quot;:&quot;coverflow&quot;,&quot;coverflowEffect&quot;:{&quot;rotate&quot;:0,&quot;stretch&quot;:200,&quot;depth&quot;:200,&quot;modifier&quot;:1,&quot;scale&quot;:1},&quot;creativeEffect&quot;:{&quot;translateX&quot;:100},&quot;dotType&quot;:&quot;bullets&quot;,&quot;direction&quot;:&quot;horizontal&quot;,&quot;uniqueID&quot;:&quot;m2s1&quot;,&quot;asFor&quot;:&quot;&quot;,&quot;thumbs&quot;:&quot;&quot;,&quot;autoHeight&quot;:false,&quot;scrollbar&quot;:{&quot;enabled&quot;:false,&quot;el&quot;:&quot;.lakit-carousel__scrollbar_e182092&quot;},&quot;directionbkp&quot;:{&quot;desktop&quot;:&quot;horizontal&quot;,&quot;laptop&quot;:&quot;horizontal&quot;,&quot;tablet&quot;:&quot;horizontal&quot;,&quot;mobile_extra&quot;:&quot;horizontal&quot;},&quot;slidesToShow&quot;:{&quot;desktop&quot;:&quot;1&quot;,&quot;laptop&quot;:&quot;1&quot;,&quot;tablet&quot;:&quot;1&quot;,&quot;mobile_extra&quot;:&quot;1&quot;}}\" dir=\"ltr\">\n            <div class=\"lakit-carousel-inner\">\n                <div class=\"swiper-container\" id=\"m2s1\">\n                    <div class=\"swiper-wrapper\">\n                        <div class=\"elementor-repeater-item-f74c74c  swiper-slide\"><div class=\"lakit-slide-wrapbg\" data-swiper-parallax=\"30%\" data-swiper-parallax-opacity=\"0\"><div class=\"lakit-slide-bg parallax-bg\" data-swiper-parallax=\"-10%\"><\/div><\/div><div  class=\"lakit-slide-inner\"><div class=\"lakit-slide-content\"><\/div><\/div><\/div><div class=\"elementor-repeater-item-32b16df  swiper-slide\"><div class=\"lakit-slide-wrapbg\" data-swiper-parallax=\"30%\" data-swiper-parallax-opacity=\"0\"><div class=\"lakit-slide-bg parallax-bg\" data-swiper-parallax=\"-10%\"><\/div><\/div><div  class=\"lakit-slide-inner\"><div class=\"lakit-slide-content\"><div data-swiper-parallax=\"-100\" data-swiper-parallax-opacity=\"0\"  class=\"elementor-button lakit-slide-button\"><span class=\"elementor-button-text\">Click Here<\/span><\/div><\/div><\/div><\/div>                    <\/div>\n                <\/div>\n            <\/div>\n            <div class=\"lakit-carousel__dots lakit-carousel__dots_e182092 swiper-pagination\"><\/div>        <\/div>\n        \t\t\t\t<\/div>\n\t\t\t\t<div class=\"elementor-element elementor-element-f2c7f29 elementor-widget elementor-widget-spacer\" data-id=\"f2c7f29\" data-element_type=\"widget\" data-e-type=\"widget\" data-widget_type=\"spacer.default\">\n\t\t\t\t<div class=\"elementor-widget-container\">\n\t\t\t\t\t\t\t<div class=\"elementor-spacer\">\n\t\t\t<div class=\"elementor-spacer-inner\"><\/div>\n\t\t<\/div>\n\t\t\t\t\t\t<\/div>\n\t\t\t\t<\/div>\n\t\t\t\t<\/div>\n\t\t<div class=\"elementor-element elementor-element-6f634e5 e-con-full e-flex lakit-col-width-auto-no e-container e-root-container elementor-top-section e-con e-parent\" data-id=\"6f634e5\" data-element_type=\"container\" data-e-type=\"container\">\n\t\t<div class=\"elementor-element elementor-element-e1ccd32 e-con-full e-flex lakit-col-width-auto-no e-container e-con e-child\" data-id=\"e1ccd32\" data-element_type=\"container\" data-e-type=\"container\">\n\t\t\t\t<div class=\"elementor-element elementor-element-deeea04 elementor-widget elementor-widget-image\" data-id=\"deeea04\" data-element_type=\"widget\" data-e-type=\"widget\" data-widget_type=\"image.default\">\n\t\t\t\t<div class=\"elementor-widget-container\">\n\t\t\t\t\t\t\t\t\t\t\t\t\t\t\t\t<a href=\"https:\/\/www.oeko-tex.com\/en\/detail\/?number=14.HTR.53750\" target=\"_blank\">\n\t\t\t\t\t\t\t<img decoding=\"async\" width=\"174\" height=\"119\" src=\"https:\/\/karekonfeksiyon.com\/wp-content\/uploads\/2025\/09\/image003-2.png\" class=\"attachment-large size-large wp-image-4037\" alt=\"\" \/>\t\t\t\t\t\t\t\t<\/a>\n\t\t\t\t\t\t\t\t\t\t\t\t\t\t\t<\/div>\n\t\t\t\t<\/div>\n\t\t<div class=\"elementor-element elementor-element-8c6ce54 e-con-full e-flex lakit-col-width-auto-no e-container e-con e-child\" data-id=\"8c6ce54\" data-element_type=\"container\" data-e-type=\"container\">\n\t\t\t\t<div class=\"elementor-element elementor-element-246c070 elementor-widget elementor-widget-spacer\" data-id=\"246c070\" data-element_type=\"widget\" data-e-type=\"widget\" data-widget_type=\"spacer.default\">\n\t\t\t\t<div class=\"elementor-widget-container\">\n\t\t\t\t\t\t\t<div class=\"elementor-spacer\">\n\t\t\t<div class=\"elementor-spacer-inner\"><\/div>\n\t\t<\/div>\n\t\t\t\t\t\t<\/div>\n\t\t\t\t<\/div>\n\t\t\t\t<\/div>\n\t\t\t\t<div class=\"elementor-element elementor-element-02156c0 elementor-widget elementor-widget-image\" data-id=\"02156c0\" data-element_type=\"widget\" data-e-type=\"widget\" data-widget_type=\"image.default\">\n\t\t\t\t<div class=\"elementor-widget-container\">\n\t\t\t\t\t\t\t\t\t\t\t\t\t\t\t<img decoding=\"async\" width=\"189\" height=\"48\" src=\"https:\/\/karekonfeksiyon.com\/wp-content\/uploads\/2025\/09\/image004-2.png\" class=\"attachment-large size-large wp-image-4038\" alt=\"\" \/>\t\t\t\t\t\t\t\t\t\t\t\t\t\t\t<\/div>\n\t\t\t\t<\/div>\n\t\t\t\t<\/div>\n\t\t<div class=\"elementor-element elementor-element-25e1385 e-con-full e-flex lakit-col-width-auto-no e-container e-con e-child\" data-id=\"25e1385\" data-element_type=\"container\" data-e-type=\"container\">\n\t\t\t\t<div class=\"elementor-element elementor-element-3fd27ba elementor-widget__width-initial elementor-widget elementor-widget-text-editor\" data-id=\"3fd27ba\" data-element_type=\"widget\" data-e-type=\"widget\" data-widget_type=\"text-editor.default\">\n\t\t\t\t<div class=\"elementor-widget-container\">\n\t\t\t\t\t\t\t\t\t<p>Kare Konfeksiyon Sanayi Limited \u015eirketi, 2004 y\u0131l\u0131nda T\u00fcrk ve Alman ortakl\u0131\u011f\u0131yla kurularak faaliyete ba\u015flam\u0131\u015ft\u0131r.<\/p><p>Tamam\u0131 \u00f6rme kuma\u015ftan olmak \u00fczere y\u00fcksek kalitedeki \u00fcr\u00fcn gam\u0131m\u0131zla; kad\u0131n, erkek ve \u00e7ocuk d\u0131\u015f giyim \u00fcretimi ve Avrupa\u2019ya ihracat\u0131n\u0131 yapmaktay\u0131z.<\/p><p>\u015eirketimiz, uluslararas\u0131 ge\u00e7erlili\u011fi olan\u00a0<strong>BSCI<\/strong>\u00a0ve\u00a0<strong><a title=\"Oeko-Tex\" href=\"https:\/\/www.oeko-tex.com\/en\/detail\/?number=14.HTR.53750\" target=\"_blank\" rel=\"noopener\">Oeko-Tex Standart 100<\/a><\/strong>\u00a0sertifikalar\u0131na sahiptir.<\/p>\t\t\t\t\t\t\t\t<\/div>\n\t\t\t\t<\/div>\n\t\t\t\t<\/div>\n\t\t\t\t<\/div>\n\t\t<div class=\"elementor-element elementor-element-b1a98b4 e-flex e-con-boxed lakit-col-width-auto-no e-container e-root-container elementor-top-section e-con e-parent\" data-id=\"b1a98b4\" data-element_type=\"container\" data-e-type=\"container\">\n\t\t\t\t\t<div class=\"e-con-inner\">\n\t\t\t\t<div class=\"elementor-element elementor-element-f0dd85f elementor-widget elementor-widget-spacer\" data-id=\"f0dd85f\" data-element_type=\"widget\" data-e-type=\"widget\" data-widget_type=\"spacer.default\">\n\t\t\t\t<div class=\"elementor-widget-container\">\n\t\t\t\t\t\t\t<div class=\"elementor-spacer\">\n\t\t\t<div class=\"elementor-spacer-inner\"><\/div>\n\t\t<\/div>\n\t\t\t\t\t\t<\/div>\n\t\t\t\t<\/div>\n\t\t\t\t\t<\/div>\n\t\t\t\t<\/div>\n\t\t<div class=\"elementor-element elementor-element-956794c e-flex e-con-boxed lakit-col-width-auto-no e-container e-root-container elementor-top-section e-con e-parent\" data-id=\"956794c\" data-element_type=\"container\" data-e-type=\"container\">\n\t\t\t\t\t<div class=\"e-con-inner\">\n\t\t\t\t<div class=\"elementor-element elementor-element-36ab5cc bannerlist--preset-default lakit-arrow--showonhover-no lakit-dots--vertical-no elementor-widget lastudio-kit elementor-lakit-banner-list\" data-id=\"36ab5cc\" data-element_type=\"widget\" data-e-type=\"widget\" data-widget_type=\"lakit-banner-list.default\">\n\t\t\t\t\t<style>.elementor-element-36ab5cc .swiper-wrapper{--e-c-col:5}@media(max-width: 1679px){.elementor-element-36ab5cc .swiper-wrapper{--e-c-col:5}}@media(max-width: 1279px){.elementor-element-36ab5cc .swiper-wrapper{--e-c-col:5}}@media(max-width: 991px){.elementor-element-36ab5cc .swiper-wrapper{--e-c-col:5}}<\/style>\n<div class=\"lakit-bannerlist layout-type-overlay preset-default lakit-carousel\" data-item_selector=\".lakit-bannerlist__item\" data-slider_options=\"{&quot;slidesToScroll&quot;:{&quot;desktop&quot;:&quot;1&quot;,&quot;laptop&quot;:&quot;1&quot;,&quot;tablet&quot;:&quot;1&quot;,&quot;mobile_extra&quot;:&quot;1&quot;},&quot;rows&quot;:{&quot;desktop&quot;:&quot;1&quot;,&quot;laptop&quot;:&quot;1&quot;,&quot;tablet&quot;:&quot;1&quot;,&quot;mobile_extra&quot;:&quot;1&quot;},&quot;autoplaySpeed&quot;:5000,&quot;autoplay&quot;:true,&quot;infinite&quot;:true,&quot;centerMode&quot;:false,&quot;pauseOnHover&quot;:false,&quot;pauseOnInteraction&quot;:false,&quot;reverseDirection&quot;:false,&quot;infiniteEffect&quot;:false,&quot;speed&quot;:500,&quot;arrows&quot;:true,&quot;dots&quot;:false,&quot;variableWidth&quot;:false,&quot;prevArrow&quot;:&quot;.lakit-carousel__prev-arrow-36ab5cc&quot;,&quot;nextArrow&quot;:&quot;.lakit-carousel__next-arrow-36ab5cc&quot;,&quot;dotsElm&quot;:&quot;.lakit-carousel__dots_36ab5cc&quot;,&quot;rtl&quot;:false,&quot;effect&quot;:&quot;slide&quot;,&quot;coverflowEffect&quot;:{&quot;rotate&quot;:null,&quot;stretch&quot;:null,&quot;depth&quot;:null,&quot;modifier&quot;:null,&quot;scale&quot;:null},&quot;creativeEffect&quot;:{&quot;translateX&quot;:100},&quot;dotType&quot;:&quot;bullets&quot;,&quot;direction&quot;:&quot;horizontal&quot;,&quot;uniqueID&quot;:&quot;lakit_carousel_36ab5cc&quot;,&quot;asFor&quot;:&quot;&quot;,&quot;thumbs&quot;:&quot;&quot;,&quot;autoHeight&quot;:false,&quot;scrollbar&quot;:{&quot;enabled&quot;:false,&quot;el&quot;:&quot;.lakit-carousel__scrollbar_36ab5cc&quot;},&quot;directionbkp&quot;:{&quot;desktop&quot;:&quot;horizontal&quot;,&quot;laptop&quot;:&quot;horizontal&quot;,&quot;tablet&quot;:&quot;horizontal&quot;,&quot;mobile_extra&quot;:&quot;horizontal&quot;},&quot;slidesToShow&quot;:{&quot;desktop&quot;:&quot;5&quot;,&quot;laptop&quot;:&quot;5&quot;,&quot;tablet&quot;:&quot;5&quot;,&quot;mobile_extra&quot;:&quot;5&quot;}}\" dir=\"ltr\" >\n    <div class=\"lakit-carousel-inner\">    <div class=\"lakit-bannerlist__list_wrapper swiper-container\" id=\"lakit_carousel_36ab5cc\">\n        <div class=\"lakit-bannerlist__list swiper-wrapper\">\n            <div class=\"elementor-repeater-item-2164bbc lakit-bannerlist__item swiper-slide\"><div class=\"lakit-bannerlist__inner\"><div class=\"lakit-bannerlist__link\"><div class=\"lakit-bannerlist__image\"><img loading=\"lazy\" decoding=\"async\" src=\"https:\/\/karekonfeksiyon.com\/wp-content\/uploads\/2025\/09\/yippie-hippie.png\" loading=\"lazy\" class=\"lakit-bannerlist__image-instance\" width=\"855\" height=\"433\" alt=\"\" style=\"--img-height:433px\"><\/div><\/div><\/div><\/div><div class=\"elementor-repeater-item-f9fa08c lakit-bannerlist__item swiper-slide\"><div class=\"lakit-bannerlist__inner\"><div class=\"lakit-bannerlist__link\"><div class=\"lakit-bannerlist__image\"><img loading=\"lazy\" decoding=\"async\" src=\"https:\/\/karekonfeksiyon.com\/wp-content\/uploads\/2025\/09\/amber-moon.png\" loading=\"lazy\" class=\"lakit-bannerlist__image-instance\" width=\"1039\" height=\"114\" alt=\"\" style=\"--img-height:114px\"><\/div><\/div><\/div><\/div><div class=\"elementor-repeater-item-518054a lakit-bannerlist__item swiper-slide\"><div class=\"lakit-bannerlist__inner\"><div class=\"lakit-bannerlist__link\"><div class=\"lakit-bannerlist__image\"><img loading=\"lazy\" decoding=\"async\" src=\"https:\/\/karekonfeksiyon.com\/wp-content\/uploads\/2025\/09\/estefania.png\" loading=\"lazy\" class=\"lakit-bannerlist__image-instance\" width=\"1898\" height=\"781\" alt=\"\" style=\"--img-height:781px\"><\/div><\/div><\/div><\/div><div class=\"elementor-repeater-item-22ea1cd lakit-bannerlist__item swiper-slide\"><div class=\"lakit-bannerlist__inner\"><div class=\"lakit-bannerlist__link\"><div class=\"lakit-bannerlist__image\"><img loading=\"lazy\" decoding=\"async\" src=\"https:\/\/karekonfeksiyon.com\/wp-content\/uploads\/2025\/09\/pure.png\" loading=\"lazy\" class=\"lakit-bannerlist__image-instance\" width=\"716\" height=\"251\" alt=\"\" style=\"--img-height:251px\"><\/div><\/div><\/div><\/div><div class=\"elementor-repeater-item-6de4054 lakit-bannerlist__item swiper-slide\"><div class=\"lakit-bannerlist__inner\"><div class=\"lakit-bannerlist__link\"><div class=\"lakit-bannerlist__image\"><img loading=\"lazy\" decoding=\"async\" src=\"https:\/\/karekonfeksiyon.com\/wp-content\/uploads\/2025\/09\/gio-milano.png\" loading=\"lazy\" class=\"lakit-bannerlist__image-instance\" width=\"704\" height=\"172\" alt=\"\" style=\"--img-height:172px\"><\/div><\/div><\/div><\/div><div class=\"elementor-repeater-item-aa836ac lakit-bannerlist__item swiper-slide\"><div class=\"lakit-bannerlist__inner\"><div class=\"lakit-bannerlist__link\"><div class=\"lakit-bannerlist__image\"><img loading=\"lazy\" decoding=\"async\" src=\"https:\/\/karekonfeksiyon.com\/wp-content\/uploads\/2025\/09\/cosy-rosy.png\" loading=\"lazy\" class=\"lakit-bannerlist__image-instance\" width=\"447\" height=\"301\" alt=\"\" style=\"--img-height:301px\"><\/div><\/div><\/div><\/div><div class=\"elementor-repeater-item-dca4b3c lakit-bannerlist__item swiper-slide\"><div class=\"lakit-bannerlist__inner\"><div class=\"lakit-bannerlist__link\"><div class=\"lakit-bannerlist__image\"><img loading=\"lazy\" decoding=\"async\" src=\"https:\/\/karekonfeksiyon.com\/wp-content\/uploads\/2025\/09\/fox-s.png\" loading=\"lazy\" class=\"lakit-bannerlist__image-instance\" width=\"1662\" height=\"268\" alt=\"\" style=\"--img-height:268px\"><\/div><\/div><\/div><\/div>        <\/div>\n    <\/div>\n    <\/div><div class=\"lakit-carousel__prev-arrow-36ab5cc lakit-arrow prev-arrow\"><svg xmlns=\"http:\/\/www.w3.org\/2000\/svg\" width=\"300\" height=\"300\" viewBox=\"0 0 300 300\" class=\"lakit-font-icon-svg\" data-icon-name=\"arrow-left\" data-icon-type=\"LaStudioIcons\"><path d=\"M54 101.4L5.4 150l48.9 48.9 48.9 48.9 6.6-6.6 6.9-6.9-37.5-37.5-37.5-37.5h239.7v-18.6H41.7l37.5-37.5 37.5-37.5-6.6-6.6c-3.3-3.6-6.6-6.3-6.9-6.3S80.7 74.7 54 101.4\" fill=\"currentColor\"\/><\/svg><\/div><div class=\"lakit-carousel__next-arrow-36ab5cc lakit-arrow next-arrow\"><svg xmlns=\"http:\/\/www.w3.org\/2000\/svg\" width=\"300\" height=\"300\" viewBox=\"0 0 300 300\" class=\"lakit-font-icon-svg\" data-icon-name=\"arrow-right\" data-icon-type=\"LaStudioIcons\"><path d=\"M189.9 59.1l-6.3 6.6 37.2 37.5 37.5 37.5H18.9v18.6h239.4l-37.5 37.5-37.5 37.5 6.9 6.9 6.6 6.6 48.9-48.9 48.9-48.9-48.6-48.6c-26.7-26.7-48.9-48.6-49.2-48.6s-3.3 2.7-6.9 6.3\" fill=\"currentColor\"\/><\/svg><\/div><\/div>\t\t\t\t<\/div>\n\t\t\t\t\t<\/div>\n\t\t\t\t<\/div>\n\t\t<div class=\"elementor-element elementor-element-ee690d0 e-flex e-con-boxed lakit-col-width-auto-no e-container e-root-container elementor-top-section e-con e-parent\" data-id=\"ee690d0\" data-element_type=\"container\" data-e-type=\"container\">\n\t\t\t\t\t<div class=\"e-con-inner\">\n\t\t\t\t<div class=\"elementor-element elementor-element-ecf684a elementor-widget elementor-widget-spacer\" data-id=\"ecf684a\" data-element_type=\"widget\" data-e-type=\"widget\" data-widget_type=\"spacer.default\">\n\t\t\t\t<div class=\"elementor-widget-container\">\n\t\t\t\t\t\t\t<div class=\"elementor-spacer\">\n\t\t\t<div class=\"elementor-spacer-inner\"><\/div>\n\t\t<\/div>\n\t\t\t\t\t\t<\/div>\n\t\t\t\t<\/div>\n\t\t\t\t\t<\/div>\n\t\t\t\t<\/div>\n\t\t\t\t<\/div>\n\t\t","protected":false},"excerpt":{"rendered":"<p>Click Here Kare Konfeksiyon Sanayi Limited \u015eirketi, 2004 y\u0131l\u0131nda T\u00fcrk ve Alman ortakl\u0131\u011f\u0131yla kurularak faaliyete ba\u015flam\u0131\u015ft\u0131r. Tamam\u0131 \u00f6rme kuma\u015ftan olmak \u00fczere y\u00fcksek kalitedeki \u00fcr\u00fcn gam\u0131m\u0131zla; kad\u0131n, erkek ve \u00e7ocuk d\u0131\u015f giyim \u00fcretimi ve Avrupa\u2019ya ihracat\u0131n\u0131 yapmaktay\u0131z. \u015eirketimiz, uluslararas\u0131 ge\u00e7erlili\u011fi olan\u00a0BSCI\u00a0ve\u00a0Oeko-Tex Standart 100\u00a0sertifikalar\u0131na sahiptir.<\/p>\n","protected":false},"author":2,"featured_media":0,"parent":0,"menu_order":0,"comment_status":"closed","ping_status":"closed","template":"","meta":{"footnotes":""},"class_list":["post-4330","page","type-page","status-publish","hentry"],"_links":{"self":[{"href":"https:\/\/karekonfeksiyon.com\/index.php?rest_route=\/wp\/v2\/pages\/4330","targetHints":{"allow":["GET"]}}],"collection":[{"href":"https:\/\/karekonfeksiyon.com\/index.php?rest_route=\/wp\/v2\/pages"}],"about":[{"href":"https:\/\/karekonfeksiyon.com\/index.php?rest_route=\/wp\/v2\/types\/page"}],"author":[{"embeddable":true,"href":"https:\/\/karekonfeksiyon.com\/index.php?rest_route=\/wp\/v2\/users\/2"}],"replies":[{"embeddable":true,"href":"https:\/\/karekonfeksiyon.com\/index.php?rest_route=%2Fwp%2Fv2%2Fcomments&post=4330"}],"version-history":[{"count":8,"href":"https:\/\/karekonfeksiyon.com\/index.php?rest_route=\/wp\/v2\/pages\/4330\/revisions"}],"predecessor-version":[{"id":4393,"href":"https:\/\/karekonfeksiyon.com\/index.php?rest_route=\/wp\/v2\/pages\/4330\/revisions\/4393"}],"wp:attachment":[{"href":"https:\/\/karekonfeksiyon.com\/index.php?rest_route=%2Fwp%2Fv2%2Fmedia&parent=4330"}],"curies":[{"name":"wp","href":"https:\/\/api.w.org\/{rel}","templated":true}]}}